{"id":270,"date":"2011-10-08T14:53:48","date_gmt":"2011-10-08T12:53:48","guid":{"rendered":"http:\/\/lansesoleil.com\/?page_id=270"},"modified":"2017-03-05T15:15:57","modified_gmt":"2017-03-05T14:15:57","slug":"marco-rubelli","status":"publish","type":"page","link":"https:\/\/lansesoleil.com\/?page_id=270","title":{"rendered":"Marco Rubelli"},"content":{"rendered":"<p>Toutes les \u0153uvres pr\u00e9sent\u00e9es sur cette page sont fabriqu\u00e9es artisanalement\u00a0sur l&rsquo;\u00eele de Murano, dans la lagune de Venise. Il s&rsquo;agit de pi\u00e8ces uniques qui sont accompagn\u00e9es d&rsquo;un certificat d&rsquo;authenticit\u00e9.<\/p>\n<p>Les tulipes peuvent \u00eatre utilis\u00e9es comme suspensions reli\u00e9es au plafond ou comme lampes d&rsquo;appoint, sur un pied d\u00e9di\u00e9. Il est ainsi possible de combiner des ensembles harmonieux. Les appliques murales peuvent aussi s&rsquo;installer sur un pied de lampe.<\/p>\n<div id='gallery-1' class='gallery galleryid-270 gallery-columns-3 gallery-size-thumbnail'><dl class='gallery-item'>\n\t\t\t<dt class='gallery-icon landscape'>\n\t\t\t\t<a href='https:\/\/lansesoleil.com\/WordPress3\/wp-content\/uploads\/2011\/10\/Dans-le-magasin-de-Marco-Rubelli-1.jpg'><img width=\"150\" height=\"112\" src=\"https:\/\/lansesoleil.com\/WordPress3\/wp-content\/uploads\/2011\/10\/Dans-le-magasin-de-Marco-Rubelli-1-e1319385639424-150x112.jpg\" class=\"attachment-thumbnail size-thumbnail\" alt=\"\" decoding=\"async\" loading=\"lazy\" \/><\/a>\n\t\t\t<\/dt><\/dl><dl class='gallery-item'>\n\t\t\t<dt class='gallery-icon landscape'>\n\t\t\t\t<a href='https:\/\/lansesoleil.com\/WordPress3\/wp-content\/uploads\/2011\/10\/Dans-le-magasin-de-Marco-Rubelli-2.jpg'><img width=\"150\" height=\"112\" src=\"https:\/\/lansesoleil.com\/WordPress3\/wp-content\/uploads\/2011\/10\/Dans-le-magasin-de-Marco-Rubelli-2-e1319385672858-150x112.jpg\" class=\"attachment-thumbnail size-thumbnail\" alt=\"\" decoding=\"async\" loading=\"lazy\" \/><\/a>\n\t\t\t<\/dt><\/dl><dl class='gallery-item'>\n\t\t\t<dt class='gallery-icon landscape'>\n\t\t\t\t<a href='https:\/\/lansesoleil.com\/WordPress3\/wp-content\/uploads\/2011\/10\/Dans-le-magasin-de-Marco-Rubelli-3.jpg'><img width=\"150\" height=\"112\" src=\"https:\/\/lansesoleil.com\/WordPress3\/wp-content\/uploads\/2011\/10\/Dans-le-magasin-de-Marco-Rubelli-3-e1319385726246-150x112.jpg\" class=\"attachment-thumbnail size-thumbnail\" alt=\"\" decoding=\"async\" loading=\"lazy\" \/><\/a>\n\t\t\t<\/dt><\/dl><br style=\"clear: both\" \/><dl class='gallery-item'>\n\t\t\t<dt class='gallery-icon portrait'>\n\t\t\t\t<a href='https:\/\/lansesoleil.com\/WordPress3\/wp-content\/uploads\/2011\/10\/IMG_6598.jpg'><img width=\"104\" height=\"150\" src=\"https:\/\/lansesoleil.com\/WordPress3\/wp-content\/uploads\/2011\/10\/IMG_6598-e1445116908308-104x150.jpg\" class=\"attachment-thumbnail size-thumbnail\" alt=\"\" decoding=\"async\" loading=\"lazy\" \/><\/a>\n\t\t\t<\/dt><\/dl><dl class='gallery-item'>\n\t\t\t<dt class='gallery-icon portrait'>\n\t\t\t\t<a href='https:\/\/lansesoleil.com\/WordPress3\/wp-content\/uploads\/2011\/10\/IMG_6599.jpg'><img width=\"102\" height=\"150\" src=\"https:\/\/lansesoleil.com\/WordPress3\/wp-content\/uploads\/2011\/10\/IMG_6599-e1445116929149-102x150.jpg\" class=\"attachment-thumbnail size-thumbnail\" alt=\"\" decoding=\"async\" loading=\"lazy\" \/><\/a>\n\t\t\t<\/dt><\/dl><dl class='gallery-item'>\n\t\t\t<dt class='gallery-icon portrait'>\n\t\t\t\t<a href='https:\/\/lansesoleil.com\/WordPress3\/wp-content\/uploads\/2011\/10\/IMG_6441-1.jpg'><img width=\"105\" height=\"150\" src=\"https:\/\/lansesoleil.com\/WordPress3\/wp-content\/uploads\/2011\/10\/IMG_6441-1-e1436708256725-105x150.jpg\" class=\"attachment-thumbnail size-thumbnail\" alt=\"\" decoding=\"async\" loading=\"lazy\" \/><\/a>\n\t\t\t<\/dt><\/dl><br style=\"clear: both\" \/><dl class='gallery-item'>\n\t\t\t<dt class='gallery-icon portrait'>\n\t\t\t\t<a href='https:\/\/lansesoleil.com\/WordPress3\/wp-content\/uploads\/2011\/10\/IMG_6437-2.jpg'><img width=\"99\" height=\"150\" src=\"https:\/\/lansesoleil.com\/WordPress3\/wp-content\/uploads\/2011\/10\/IMG_6437-2-e1445239397343-99x150.jpg\" class=\"attachment-thumbnail size-thumbnail\" alt=\"\" decoding=\"async\" loading=\"lazy\" \/><\/a>\n\t\t\t<\/dt><\/dl><dl class='gallery-item'>\n\t\t\t<dt class='gallery-icon portrait'>\n\t\t\t\t<a href='https:\/\/lansesoleil.com\/WordPress3\/wp-content\/uploads\/2011\/10\/IMG_6083.jpg'><img width=\"88\" height=\"150\" src=\"https:\/\/lansesoleil.com\/WordPress3\/wp-content\/uploads\/2011\/10\/IMG_6083-e1406372189453-88x150.jpg\" class=\"attachment-thumbnail size-thumbnail\" alt=\"\" decoding=\"async\" loading=\"lazy\" \/><\/a>\n\t\t\t<\/dt><\/dl><dl class='gallery-item'>\n\t\t\t<dt class='gallery-icon portrait'>\n\t\t\t\t<a href='https:\/\/lansesoleil.com\/WordPress3\/wp-content\/uploads\/2011\/10\/IMG_6436-2.jpg'><img width=\"104\" height=\"150\" src=\"https:\/\/lansesoleil.com\/WordPress3\/wp-content\/uploads\/2011\/10\/IMG_6436-2-e1445277014954-104x150.jpg\" class=\"attachment-thumbnail size-thumbnail\" alt=\"\" decoding=\"async\" loading=\"lazy\" \/><\/a>\n\t\t\t<\/dt><\/dl><br style=\"clear: both\" \/><dl class='gallery-item'>\n\t\t\t<dt class='gallery-icon portrait'>\n\t\t\t\t<a href='https:\/\/lansesoleil.com\/WordPress3\/wp-content\/uploads\/2011\/10\/IMG_6070-1.jpg'><img width=\"90\" height=\"150\" src=\"https:\/\/lansesoleil.com\/WordPress3\/wp-content\/uploads\/2011\/10\/IMG_6070-1-e1445207887854-90x150.jpg\" class=\"attachment-thumbnail size-thumbnail\" alt=\"\" decoding=\"async\" loading=\"lazy\" \/><\/a>\n\t\t\t<\/dt><\/dl><dl class='gallery-item'>\n\t\t\t<dt class='gallery-icon portrait'>\n\t\t\t\t<a href='https:\/\/lansesoleil.com\/WordPress3\/wp-content\/uploads\/2011\/10\/IMG_4285.jpg'><img width=\"112\" height=\"150\" src=\"https:\/\/lansesoleil.com\/WordPress3\/wp-content\/uploads\/2011\/10\/IMG_4285-e1319301404204-112x150.jpg\" class=\"attachment-thumbnail size-thumbnail\" alt=\"\" decoding=\"async\" loading=\"lazy\" \/><\/a>\n\t\t\t<\/dt><\/dl><dl class='gallery-item'>\n\t\t\t<dt class='gallery-icon portrait'>\n\t\t\t\t<a href='https:\/\/lansesoleil.com\/WordPress3\/wp-content\/uploads\/2011\/10\/IMG_6079.jpg'><img width=\"88\" height=\"150\" src=\"https:\/\/lansesoleil.com\/WordPress3\/wp-content\/uploads\/2011\/10\/IMG_6079-e1406372257162-88x150.jpg\" class=\"attachment-thumbnail size-thumbnail\" alt=\"\" decoding=\"async\" loading=\"lazy\" \/><\/a>\n\t\t\t<\/dt><\/dl><br style=\"clear: both\" \/><dl class='gallery-item'>\n\t\t\t<dt class='gallery-icon portrait'>\n\t\t\t\t<a href='https:\/\/lansesoleil.com\/WordPress3\/wp-content\/uploads\/2011\/10\/IMG_6082.jpg'><img width=\"98\" height=\"150\" src=\"https:\/\/lansesoleil.com\/WordPress3\/wp-content\/uploads\/2011\/10\/IMG_6082-e1406372219996-98x150.jpg\" class=\"attachment-thumbnail size-thumbnail\" alt=\"\" decoding=\"async\" loading=\"lazy\" \/><\/a>\n\t\t\t<\/dt><\/dl><dl class='gallery-item'>\n\t\t\t<dt class='gallery-icon portrait'>\n\t\t\t\t<a href='https:\/\/lansesoleil.com\/WordPress3\/wp-content\/uploads\/2011\/10\/IMG_4208-11-e1443822552877.jpg'><img width=\"117\" height=\"150\" src=\"https:\/\/lansesoleil.com\/WordPress3\/wp-content\/uploads\/2011\/10\/IMG_4208-11-e1443822541859-117x150.jpg\" class=\"attachment-thumbnail size-thumbnail\" alt=\"\" decoding=\"async\" loading=\"lazy\" \/><\/a>\n\t\t\t<\/dt><\/dl><dl class='gallery-item'>\n\t\t\t<dt class='gallery-icon portrait'>\n\t\t\t\t<a href='https:\/\/lansesoleil.com\/WordPress3\/wp-content\/uploads\/2011\/10\/IMG_42921.jpg'><img width=\"112\" height=\"150\" src=\"https:\/\/lansesoleil.com\/WordPress3\/wp-content\/uploads\/2011\/10\/IMG_42921-e1319301343253-112x150.jpg\" class=\"attachment-thumbnail size-thumbnail\" alt=\"\" decoding=\"async\" loading=\"lazy\" \/><\/a>\n\t\t\t<\/dt><\/dl><br style=\"clear: both\" \/><dl class='gallery-item'>\n\t\t\t<dt class='gallery-icon landscape'>\n\t\t\t\t<a href='https:\/\/lansesoleil.com\/WordPress3\/wp-content\/uploads\/2011\/10\/IMG_42881.jpg'><img width=\"150\" height=\"150\" src=\"https:\/\/lansesoleil.com\/WordPress3\/wp-content\/uploads\/2011\/10\/IMG_42881-150x150.jpg\" class=\"attachment-thumbnail size-thumbnail\" alt=\"\" decoding=\"async\" loading=\"lazy\" \/><\/a>\n\t\t\t<\/dt><\/dl><dl class='gallery-item'>\n\t\t\t<dt class='gallery-icon portrait'>\n\t\t\t\t<a href='https:\/\/lansesoleil.com\/WordPress3\/wp-content\/uploads\/2011\/10\/applique-acquamare-1.jpg'><img width=\"125\" height=\"150\" src=\"https:\/\/lansesoleil.com\/WordPress3\/wp-content\/uploads\/2011\/10\/applique-acquamare-1-e1445286129301-125x150.jpg\" class=\"attachment-thumbnail size-thumbnail\" alt=\"\" decoding=\"async\" loading=\"lazy\" \/><\/a>\n\t\t\t<\/dt><\/dl><dl class='gallery-item'>\n\t\t\t<dt class='gallery-icon portrait'>\n\t\t\t\t<a href='https:\/\/lansesoleil.com\/WordPress3\/wp-content\/uploads\/2011\/10\/applique-rosso-1.jpg'><img width=\"133\" height=\"150\" src=\"https:\/\/lansesoleil.com\/WordPress3\/wp-content\/uploads\/2011\/10\/applique-rosso-1-e1445286149833-133x150.jpg\" class=\"attachment-thumbnail size-thumbnail\" alt=\"\" decoding=\"async\" loading=\"lazy\" \/><\/a>\n\t\t\t<\/dt><\/dl><br style=\"clear: both\" \/><dl class='gallery-item'>\n\t\t\t<dt class='gallery-icon landscape'>\n\t\t\t\t<a href='https:\/\/lansesoleil.com\/WordPress3\/wp-content\/uploads\/2011\/10\/IMG_42891.jpg'><img width=\"150\" height=\"150\" src=\"https:\/\/lansesoleil.com\/WordPress3\/wp-content\/uploads\/2011\/10\/IMG_42891-150x150.jpg\" class=\"attachment-thumbnail size-thumbnail\" alt=\"\" decoding=\"async\" loading=\"lazy\" \/><\/a>\n\t\t\t<\/dt><\/dl><dl class='gallery-item'>\n\t\t\t<dt class='gallery-icon portrait'>\n\t\t\t\t<a href='https:\/\/lansesoleil.com\/WordPress3\/wp-content\/uploads\/2011\/10\/applique-ambra-1.jpg'><img width=\"124\" height=\"150\" src=\"https:\/\/lansesoleil.com\/WordPress3\/wp-content\/uploads\/2011\/10\/applique-ambra-1-e1445286170383-124x150.jpg\" class=\"attachment-thumbnail size-thumbnail\" alt=\"\" decoding=\"async\" loading=\"lazy\" \/><\/a>\n\t\t\t<\/dt><\/dl><dl class='gallery-item'>\n\t\t\t<dt class='gallery-icon landscape'>\n\t\t\t\t<a href='https:\/\/lansesoleil.com\/WordPress3\/wp-content\/uploads\/2011\/09\/IMG_6794.jpg'><img width=\"150\" height=\"114\" src=\"https:\/\/lansesoleil.com\/WordPress3\/wp-content\/uploads\/2011\/09\/IMG_6794-e1419527285711-150x114.jpg\" class=\"attachment-thumbnail size-thumbnail\" alt=\"\" decoding=\"async\" loading=\"lazy\" \/><\/a>\n\t\t\t<\/dt><\/dl><br style=\"clear: both\" \/>\n\t\t<\/div>\n\n<p><a href=\"https:\/\/lansesoleil.com\/WordPress3\/wp-content\/uploads\/2011\/10\/IMG_4288.jpg\"><br \/>\n<\/a><\/p>\n","protected":false},"excerpt":{"rendered":"<p>Toutes les \u0153uvres pr\u00e9sent\u00e9es sur cette page sont fabriqu\u00e9es artisanalement\u00a0sur l&rsquo;\u00eele de Murano, dans la lagune de Venise. Il s&rsquo;agit de pi\u00e8ces uniques qui sont accompagn\u00e9es d&rsquo;un certificat d&rsquo;authenticit\u00e9. Les tulipes peuvent \u00eatre utilis\u00e9es comme suspensions reli\u00e9es au plafond ou &hellip; <a href=\"https:\/\/lansesoleil.com\/?page_id=270\">Continuer la lecture <span class=\"meta-nav\">&rarr;<\/span><\/a><\/p>\n","protected":false},"author":1,"featured_media":0,"parent":0,"menu_order":0,"comment_status":"closed","ping_status":"open","template":"","meta":[],"_links":{"self":[{"href":"https:\/\/lansesoleil.com\/index.php?rest_route=\/wp\/v2\/pages\/270"}],"collection":[{"href":"https:\/\/lansesoleil.com\/index.php?rest_route=\/wp\/v2\/pages"}],"about":[{"href":"https:\/\/lansesoleil.com\/index.php?rest_route=\/wp\/v2\/types\/page"}],"author":[{"embeddable":true,"href":"https:\/\/lansesoleil.com\/index.php?rest_route=\/wp\/v2\/users\/1"}],"replies":[{"embeddable":true,"href":"https:\/\/lansesoleil.com\/index.php?rest_route=%2Fwp%2Fv2%2Fcomments&post=270"}],"version-history":[{"count":37,"href":"https:\/\/lansesoleil.com\/index.php?rest_route=\/wp\/v2\/pages\/270\/revisions"}],"predecessor-version":[{"id":1316,"href":"https:\/\/lansesoleil.com\/index.php?rest_route=\/wp\/v2\/pages\/270\/revisions\/1316"}],"wp:attachment":[{"href":"https:\/\/lansesoleil.com\/index.php?rest_route=%2Fwp%2Fv2%2Fmedia&parent=270"}],"curies":[{"name":"wp","href":"https:\/\/api.w.org\/{rel}","templated":true}]}}