{"id":263,"date":"2011-10-08T14:26:37","date_gmt":"2011-10-08T12:26:37","guid":{"rendered":"http:\/\/lansesoleil.com\/?page_id=263"},"modified":"2024-03-17T16:10:37","modified_gmt":"2024-03-17T15:10:37","slug":"le-verre-de-murano-2","status":"publish","type":"page","link":"https:\/\/lansesoleil.com\/?page_id=263","title":{"rendered":"Le verre de Murano"},"content":{"rendered":"<p>L&rsquo;Anse Soleil vous propose les \u0153uvres de quatre ateliers de l&rsquo;\u00eele de Murano et plus encore :<\/p>\n<p style=\"margin-top: 1px;\"><a title=\"Oscar Zanetti\" href=\"https:\/\/lansesoleil.com\/?page_id=46\"><img decoding=\"async\" loading=\"lazy\" class=\"wp-image-1182 size-full aligncenter\" src=\"https:\/\/lansesoleil.com\/WordPress3\/wp-content\/uploads\/2011\/10\/zanetti.jpg\" alt=\"zanetti\" width=\"80\" height=\"104\" \/><\/a><\/p>\n<p style=\"margin-top: 1px;\"><a href=\"https:\/\/lansesoleil.com\/?page_id=1241\"><img decoding=\"async\" loading=\"lazy\" class=\"wp-image-1255 size-medium aligncenter\" src=\"https:\/\/lansesoleil.com\/WordPress3\/wp-content\/uploads\/2011\/10\/Gambaro-300x80.jpg\" width=\"300\" height=\"80\" srcset=\"https:\/\/lansesoleil.com\/WordPress3\/wp-content\/uploads\/2011\/10\/Gambaro-300x80.jpg 300w, https:\/\/lansesoleil.com\/WordPress3\/wp-content\/uploads\/2011\/10\/Gambaro-e1470939042584-150x40.jpg 150w, https:\/\/lansesoleil.com\/WordPress3\/wp-content\/uploads\/2011\/10\/Gambaro.jpg 747w\" sizes=\"(max-width: 300px) 100vw, 300px\" \/><\/a><\/p>\n<p style=\"margin-top: 1px;\"><a href=\"https:\/\/lansesoleil.com\/?page_id=1259\"><img decoding=\"async\" loading=\"lazy\" class=\"size-medium wp-image-1265 aligncenter\" src=\"https:\/\/lansesoleil.com\/WordPress3\/wp-content\/uploads\/2011\/10\/Yalos-300x131.jpg\" alt=\"Yalos\" width=\"210\" height=\"92\" srcset=\"https:\/\/lansesoleil.com\/WordPress3\/wp-content\/uploads\/2011\/10\/Yalos-300x131.jpg 300w, https:\/\/lansesoleil.com\/WordPress3\/wp-content\/uploads\/2011\/10\/Yalos-e1470939682227-150x65.jpg 150w, https:\/\/lansesoleil.com\/WordPress3\/wp-content\/uploads\/2011\/10\/Yalos.jpg 613w\" sizes=\"(max-width: 210px) 100vw, 210px\" \/><\/a><\/p>\n<p style=\"margin-top: 1px; text-align: center;\"><a title=\"Marco Rubelli\" href=\"https:\/\/lansesoleil.com\/?page_id=270\">Marco Rubelli<\/a><\/p>\n<p style=\"margin-top: 1em; text-align: center;\"><a title=\"Les formats r\u00e9duits\" href=\"https:\/\/lansesoleil.com\/?page_id=1267\">Les mod\u00e8les r\u00e9duits<\/a><\/p>\n","protected":false},"excerpt":{"rendered":"<p>L&rsquo;Anse Soleil vous propose les \u0153uvres de quatre ateliers de l&rsquo;\u00eele de Murano et plus encore : Marco Rubelli Les mod\u00e8les r\u00e9duits<\/p>\n","protected":false},"author":1,"featured_media":0,"parent":0,"menu_order":0,"comment_status":"closed","ping_status":"open","template":"","meta":[],"_links":{"self":[{"href":"https:\/\/lansesoleil.com\/index.php?rest_route=\/wp\/v2\/pages\/263"}],"collection":[{"href":"https:\/\/lansesoleil.com\/index.php?rest_route=\/wp\/v2\/pages"}],"about":[{"href":"https:\/\/lansesoleil.com\/index.php?rest_route=\/wp\/v2\/types\/page"}],"author":[{"embeddable":true,"href":"https:\/\/lansesoleil.com\/index.php?rest_route=\/wp\/v2\/users\/1"}],"replies":[{"embeddable":true,"href":"https:\/\/lansesoleil.com\/index.php?rest_route=%2Fwp%2Fv2%2Fcomments&post=263"}],"version-history":[{"count":65,"href":"https:\/\/lansesoleil.com\/index.php?rest_route=\/wp\/v2\/pages\/263\/revisions"}],"predecessor-version":[{"id":1730,"href":"https:\/\/lansesoleil.com\/index.php?rest_route=\/wp\/v2\/pages\/263\/revisions\/1730"}],"wp:attachment":[{"href":"https:\/\/lansesoleil.com\/index.php?rest_route=%2Fwp%2Fv2%2Fmedia&parent=263"}],"curies":[{"name":"wp","href":"https:\/\/api.w.org\/{rel}","templated":true}]}}