{"id":217,"date":"2011-10-07T19:29:54","date_gmt":"2011-10-07T17:29:54","guid":{"rendered":"http:\/\/lansesoleil.com\/?page_id=217"},"modified":"2021-07-14T12:28:49","modified_gmt":"2021-07-14T10:28:49","slug":"les-sculptures-2","status":"publish","type":"page","link":"https:\/\/lansesoleil.com\/?page_id=217","title":{"rendered":"Les sculptures"},"content":{"rendered":"<p>L&rsquo;Anse Soleil vous invite \u00e0 d\u00e9couvrir les \u0153uvres de :<\/p>\n<p><a title=\"Martine Peutrec\" href=\"https:\/\/lansesoleil.com\/?page_id=210\">Martine Peutrec<\/a><\/p>\n<p><a title=\"Jean Lemonnier\" href=\"https:\/\/lansesoleil.com\/?page_id=772\">Jean Lemonnier<\/a><\/p>\n","protected":false},"excerpt":{"rendered":"<p>L&rsquo;Anse Soleil vous invite \u00e0 d\u00e9couvrir les \u0153uvres de : Martine Peutrec Jean Lemonnier<\/p>\n","protected":false},"author":1,"featured_media":0,"parent":0,"menu_order":0,"comment_status":"closed","ping_status":"open","template":"","meta":[],"_links":{"self":[{"href":"https:\/\/lansesoleil.com\/index.php?rest_route=\/wp\/v2\/pages\/217"}],"collection":[{"href":"https:\/\/lansesoleil.com\/index.php?rest_route=\/wp\/v2\/pages"}],"about":[{"href":"https:\/\/lansesoleil.com\/index.php?rest_route=\/wp\/v2\/types\/page"}],"author":[{"embeddable":true,"href":"https:\/\/lansesoleil.com\/index.php?rest_route=\/wp\/v2\/users\/1"}],"replies":[{"embeddable":true,"href":"https:\/\/lansesoleil.com\/index.php?rest_route=%2Fwp%2Fv2%2Fcomments&post=217"}],"version-history":[{"count":9,"href":"https:\/\/lansesoleil.com\/index.php?rest_route=\/wp\/v2\/pages\/217\/revisions"}],"predecessor-version":[{"id":1613,"href":"https:\/\/lansesoleil.com\/index.php?rest_route=\/wp\/v2\/pages\/217\/revisions\/1613"}],"wp:attachment":[{"href":"https:\/\/lansesoleil.com\/index.php?rest_route=%2Fwp%2Fv2%2Fmedia&parent=217"}],"curies":[{"name":"wp","href":"https:\/\/api.w.org\/{rel}","templated":true}]}}