{"id":210,"date":"2011-10-07T19:22:56","date_gmt":"2011-10-07T17:22:56","guid":{"rendered":"http:\/\/lansesoleil.com\/?page_id=210"},"modified":"2026-03-07T11:35:12","modified_gmt":"2026-03-07T10:35:12","slug":"martine-peutrec","status":"publish","type":"page","link":"https:\/\/lansesoleil.com\/?page_id=210","title":{"rendered":"Martine Peutrec"},"content":{"rendered":"<p>Martine PEUTREC est n\u00e9e en 1965. Elle a suivi les cours de l&rsquo;\u00c9cole d&rsquo;Art de Valence et a \u00e9t\u00e9 en section restauration de peintures \u00e0 Avignon.<br \/>\nMartine PEUTREC a travaill\u00e9 dans plusieurs ateliers de restauration d\u2019\u0153uvres d&rsquo;art, notamment sur Nantes.<br \/>\nElle continue de d\u00e9velopper son art dans diff\u00e9rents ateliers de sculptures et de c\u00e9ramiques.<br \/>\nMartine PEUTREC vit actuellement dans le Morbihan o\u00f9 elle travaille le gr\u00e8s, utilisant diff\u00e9rentes techniques\u00a0: gr\u00e8s \u00e9maill\u00e9, patin\u00e9, cuisson raku.<\/p>\n<div id='gallery-1' class='gallery galleryid-210 gallery-columns-3 gallery-size-thumbnail'><dl class='gallery-item'>\n\t\t\t<dt class='gallery-icon portrait'>\n\t\t\t\t<a href='https:\/\/lansesoleil.com\/WordPress3\/wp-content\/uploads\/2024\/03\/IMG_1021.jpg'><img width=\"146\" height=\"150\" src=\"https:\/\/lansesoleil.com\/WordPress3\/wp-content\/uploads\/2024\/03\/IMG_1021-e1710085623950-146x150.jpg\" class=\"attachment-thumbnail size-thumbnail\" alt=\"\" decoding=\"async\" loading=\"lazy\" \/><\/a>\n\t\t\t<\/dt><\/dl><dl class='gallery-item'>\n\t\t\t<dt class='gallery-icon landscape'>\n\t\t\t\t<a href='https:\/\/lansesoleil.com\/WordPress3\/wp-content\/uploads\/2024\/03\/IMG_1018-scaled.jpg'><img width=\"150\" height=\"105\" src=\"https:\/\/lansesoleil.com\/WordPress3\/wp-content\/uploads\/2024\/03\/IMG_1018-scaled-e1710085722678-150x105.jpg\" class=\"attachment-thumbnail size-thumbnail\" alt=\"\" decoding=\"async\" loading=\"lazy\" aria-describedby=\"gallery-1-1679\" \/><\/a>\n\t\t\t<\/dt>\n\t\t\t\t<dd class='wp-caption-text gallery-caption' id='gallery-1-1679'>\n\t\t\t\tVendue\n\t\t\t\t<\/dd><\/dl><dl class='gallery-item'>\n\t\t\t<dt class='gallery-icon landscape'>\n\t\t\t\t<a href='https:\/\/lansesoleil.com\/WordPress3\/wp-content\/uploads\/2024\/03\/IMG_1014-scaled.jpg'><img width=\"150\" height=\"86\" src=\"https:\/\/lansesoleil.com\/WordPress3\/wp-content\/uploads\/2024\/03\/IMG_1014-scaled-e1710085782148-150x86.jpg\" class=\"attachment-thumbnail size-thumbnail\" alt=\"\" decoding=\"async\" loading=\"lazy\" \/><\/a>\n\t\t\t<\/dt><\/dl><br style=\"clear: both\" \/><dl class='gallery-item'>\n\t\t\t<dt class='gallery-icon landscape'>\n\t\t\t\t<a href='https:\/\/lansesoleil.com\/WordPress3\/wp-content\/uploads\/2024\/03\/IMG_1023-scaled.jpg'><img width=\"150\" height=\"121\" src=\"https:\/\/lansesoleil.com\/WordPress3\/wp-content\/uploads\/2024\/03\/IMG_1023-scaled-e1710085602507-150x121.jpg\" class=\"attachment-thumbnail size-thumbnail\" alt=\"\" decoding=\"async\" loading=\"lazy\" aria-describedby=\"gallery-1-1682\" \/><\/a>\n\t\t\t<\/dt>\n\t\t\t\t<dd class='wp-caption-text gallery-caption' id='gallery-1-1682'>\n\t\t\t\tVendus\n\t\t\t\t<\/dd><\/dl><dl class='gallery-item'>\n\t\t\t<dt class='gallery-icon portrait'>\n\t\t\t\t<a href='https:\/\/lansesoleil.com\/WordPress3\/wp-content\/uploads\/2024\/03\/IMG_1025.jpg'><img width=\"135\" height=\"150\" src=\"https:\/\/lansesoleil.com\/WordPress3\/wp-content\/uploads\/2024\/03\/IMG_1025-e1710085578599-135x150.jpg\" class=\"attachment-thumbnail size-thumbnail\" alt=\"\" decoding=\"async\" loading=\"lazy\" \/><\/a>\n\t\t\t<\/dt><\/dl><dl class='gallery-item'>\n\t\t\t<dt class='gallery-icon landscape'>\n\t\t\t\t<a href='https:\/\/lansesoleil.com\/WordPress3\/wp-content\/uploads\/2024\/03\/IMG_1020-scaled.jpg'><img width=\"150\" height=\"99\" src=\"https:\/\/lansesoleil.com\/WordPress3\/wp-content\/uploads\/2024\/03\/IMG_1020-scaled-e1710085643567-150x99.jpg\" class=\"attachment-thumbnail size-thumbnail\" alt=\"\" decoding=\"async\" loading=\"lazy\" \/><\/a>\n\t\t\t<\/dt><\/dl><br style=\"clear: both\" \/><dl class='gallery-item'>\n\t\t\t<dt class='gallery-icon portrait'>\n\t\t\t\t<a href='https:\/\/lansesoleil.com\/WordPress3\/wp-content\/uploads\/2024\/03\/IMG_1004.jpg'><img width=\"79\" height=\"150\" src=\"https:\/\/lansesoleil.com\/WordPress3\/wp-content\/uploads\/2024\/03\/IMG_1004-e1710085818356-79x150.jpg\" class=\"attachment-thumbnail size-thumbnail\" alt=\"\" decoding=\"async\" loading=\"lazy\" \/><\/a>\n\t\t\t<\/dt><\/dl><dl class='gallery-item'>\n\t\t\t<dt class='gallery-icon portrait'>\n\t\t\t\t<a href='https:\/\/lansesoleil.com\/WordPress3\/wp-content\/uploads\/2024\/03\/IMG_1001.jpg'><img width=\"93\" height=\"150\" src=\"https:\/\/lansesoleil.com\/WordPress3\/wp-content\/uploads\/2024\/03\/IMG_1001-e1710085901871-93x150.jpg\" class=\"attachment-thumbnail size-thumbnail\" alt=\"\" decoding=\"async\" loading=\"lazy\" \/><\/a>\n\t\t\t<\/dt><\/dl><dl class='gallery-item'>\n\t\t\t<dt class='gallery-icon portrait'>\n\t\t\t\t<a href='https:\/\/lansesoleil.com\/WordPress3\/wp-content\/uploads\/2024\/03\/IMG_1003-scaled.jpg'><img width=\"83\" height=\"150\" src=\"https:\/\/lansesoleil.com\/WordPress3\/wp-content\/uploads\/2024\/03\/IMG_1003-scaled-e1710085840540-83x150.jpg\" class=\"attachment-thumbnail size-thumbnail\" alt=\"\" decoding=\"async\" loading=\"lazy\" \/><\/a>\n\t\t\t<\/dt><\/dl><br style=\"clear: both\" \/><dl class='gallery-item'>\n\t\t\t<dt class='gallery-icon landscape'>\n\t\t\t\t<a href='https:\/\/lansesoleil.com\/WordPress3\/wp-content\/uploads\/2024\/03\/IMG_1016-scaled.jpg'><img width=\"150\" height=\"123\" src=\"https:\/\/lansesoleil.com\/WordPress3\/wp-content\/uploads\/2024\/03\/IMG_1016-scaled-e1710085749777-150x123.jpg\" class=\"attachment-thumbnail size-thumbnail\" alt=\"\" decoding=\"async\" loading=\"lazy\" aria-describedby=\"gallery-1-1678\" \/><\/a>\n\t\t\t<\/dt>\n\t\t\t\t<dd class='wp-caption-text gallery-caption' id='gallery-1-1678'>\n\t\t\t\tVendue\n\t\t\t\t<\/dd><\/dl><dl class='gallery-item'>\n\t\t\t<dt class='gallery-icon portrait'>\n\t\t\t\t<a href='https:\/\/lansesoleil.com\/WordPress3\/wp-content\/uploads\/2024\/03\/IMG_1005.jpg'><img width=\"133\" height=\"150\" src=\"https:\/\/lansesoleil.com\/WordPress3\/wp-content\/uploads\/2024\/03\/IMG_1005-e1710085798110-133x150.jpg\" class=\"attachment-thumbnail size-thumbnail\" alt=\"\" decoding=\"async\" loading=\"lazy\" \/><\/a>\n\t\t\t<\/dt><\/dl><dl class='gallery-item'>\n\t\t\t<dt class='gallery-icon portrait'>\n\t\t\t\t<a href='https:\/\/lansesoleil.com\/WordPress3\/wp-content\/uploads\/2011\/10\/IMG_6611.jpg'><img width=\"87\" height=\"150\" src=\"https:\/\/lansesoleil.com\/WordPress3\/wp-content\/uploads\/2011\/10\/IMG_6611-e1445117418838-87x150.jpg\" class=\"attachment-thumbnail size-thumbnail\" alt=\"\" decoding=\"async\" loading=\"lazy\" aria-describedby=\"gallery-1-1129\" \/><\/a>\n\t\t\t<\/dt>\n\t\t\t\t<dd class='wp-caption-text gallery-caption' id='gallery-1-1129'>\n\t\t\t\tVendu\n\t\t\t\t<\/dd><\/dl><br style=\"clear: both\" \/><dl class='gallery-item'>\n\t\t\t<dt class='gallery-icon landscape'>\n\t\t\t\t<a href='https:\/\/lansesoleil.com\/WordPress3\/wp-content\/uploads\/2017\/12\/IMG_0190-1.jpg'><img width=\"150\" height=\"88\" src=\"https:\/\/lansesoleil.com\/WordPress3\/wp-content\/uploads\/2017\/12\/IMG_0190-1-e1513946016681-150x88.jpg\" class=\"attachment-thumbnail size-thumbnail\" alt=\"\" decoding=\"async\" loading=\"lazy\" aria-describedby=\"gallery-1-1391\" \/><\/a>\n\t\t\t<\/dt>\n\t\t\t\t<dd class='wp-caption-text gallery-caption' id='gallery-1-1391'>\n\t\t\t\tVendu\n\t\t\t\t<\/dd><\/dl><dl class='gallery-item'>\n\t\t\t<dt class='gallery-icon portrait'>\n\t\t\t\t<a href='https:\/\/lansesoleil.com\/WordPress3\/wp-content\/uploads\/2011\/10\/IMG_6612.jpg'><img width=\"74\" height=\"150\" src=\"https:\/\/lansesoleil.com\/WordPress3\/wp-content\/uploads\/2011\/10\/IMG_6612-e1445117438366-74x150.jpg\" class=\"attachment-thumbnail size-thumbnail\" alt=\"\" decoding=\"async\" loading=\"lazy\" aria-describedby=\"gallery-1-1130\" \/><\/a>\n\t\t\t<\/dt>\n\t\t\t\t<dd class='wp-caption-text gallery-caption' id='gallery-1-1130'>\n\t\t\t\tVendu\n\t\t\t\t<\/dd><\/dl><dl class='gallery-item'>\n\t\t\t<dt class='gallery-icon landscape'>\n\t\t\t\t<a href='https:\/\/lansesoleil.com\/WordPress3\/wp-content\/uploads\/2017\/12\/IMG_0192-1.jpg'><img width=\"150\" height=\"81\" src=\"https:\/\/lansesoleil.com\/WordPress3\/wp-content\/uploads\/2017\/12\/IMG_0192-1-e1513946035925-150x81.jpg\" class=\"attachment-thumbnail size-thumbnail\" alt=\"\" decoding=\"async\" loading=\"lazy\" aria-describedby=\"gallery-1-1392\" \/><\/a>\n\t\t\t<\/dt>\n\t\t\t\t<dd class='wp-caption-text gallery-caption' id='gallery-1-1392'>\n\t\t\t\tVendu\n\t\t\t\t<\/dd><\/dl><br style=\"clear: both\" \/><dl class='gallery-item'>\n\t\t\t<dt class='gallery-icon portrait'>\n\t\t\t\t<a href='https:\/\/lansesoleil.com\/WordPress3\/wp-content\/uploads\/2011\/10\/IMG_4319.jpg'><img width=\"112\" height=\"150\" src=\"https:\/\/lansesoleil.com\/WordPress3\/wp-content\/uploads\/2011\/10\/IMG_4319-e1319278569176-112x150.jpg\" class=\"attachment-thumbnail size-thumbnail\" alt=\"\" decoding=\"async\" loading=\"lazy\" \/><\/a>\n\t\t\t<\/dt><\/dl><dl class='gallery-item'>\n\t\t\t<dt class='gallery-icon landscape'>\n\t\t\t\t<a href='https:\/\/lansesoleil.com\/WordPress3\/wp-content\/uploads\/2011\/10\/P9200155-2.jpg'><img width=\"150\" height=\"70\" src=\"https:\/\/lansesoleil.com\/WordPress3\/wp-content\/uploads\/2011\/10\/P9200155-2-e1442840862361-150x70.jpg\" class=\"attachment-thumbnail size-thumbnail\" alt=\"\" decoding=\"async\" loading=\"lazy\" \/><\/a>\n\t\t\t<\/dt><\/dl><dl class='gallery-item'>\n\t\t\t<dt class='gallery-icon portrait'>\n\t\t\t\t<a href='https:\/\/lansesoleil.com\/WordPress3\/wp-content\/uploads\/2011\/10\/IMG_4326-11.jpg'><img width=\"108\" height=\"150\" src=\"https:\/\/lansesoleil.com\/WordPress3\/wp-content\/uploads\/2011\/10\/IMG_4326-11-e1385308820556-108x150.jpg\" class=\"attachment-thumbnail size-thumbnail\" alt=\"\" decoding=\"async\" loading=\"lazy\" aria-describedby=\"gallery-1-702\" \/><\/a>\n\t\t\t<\/dt>\n\t\t\t\t<dd class='wp-caption-text gallery-caption' id='gallery-1-702'>\n\t\t\t\tVendu\n\t\t\t\t<\/dd><\/dl><br style=\"clear: both\" \/><dl class='gallery-item'>\n\t\t\t<dt class='gallery-icon landscape'>\n\t\t\t\t<a href='https:\/\/lansesoleil.com\/WordPress3\/wp-content\/uploads\/2011\/10\/P9200151-1.jpg'><img width=\"150\" height=\"129\" src=\"https:\/\/lansesoleil.com\/WordPress3\/wp-content\/uploads\/2011\/10\/P9200151-1-e1442833415627-150x129.jpg\" class=\"attachment-thumbnail size-thumbnail\" alt=\"\" decoding=\"async\" loading=\"lazy\" \/><\/a>\n\t\t\t<\/dt><\/dl><dl class='gallery-item'>\n\t\t\t<dt class='gallery-icon landscape'>\n\t\t\t\t<a href='https:\/\/lansesoleil.com\/WordPress3\/wp-content\/uploads\/2011\/10\/IMG_4997-1.jpg'><img width=\"150\" height=\"129\" src=\"https:\/\/lansesoleil.com\/WordPress3\/wp-content\/uploads\/2011\/10\/IMG_4997-1-e1443821238605-150x129.jpg\" class=\"attachment-thumbnail size-thumbnail\" alt=\"\" decoding=\"async\" loading=\"lazy\" aria-describedby=\"gallery-1-1111\" \/><\/a>\n\t\t\t<\/dt>\n\t\t\t\t<dd class='wp-caption-text gallery-caption' id='gallery-1-1111'>\n\t\t\t\tVendus\n\t\t\t\t<\/dd><\/dl><dl class='gallery-item'>\n\t\t\t<dt class='gallery-icon landscape'>\n\t\t\t\t<a href='https:\/\/lansesoleil.com\/WordPress3\/wp-content\/uploads\/2011\/10\/P9200159-1.jpg'><img width=\"150\" height=\"100\" src=\"https:\/\/lansesoleil.com\/WordPress3\/wp-content\/uploads\/2011\/10\/P9200159-1-e1442833317657-150x100.jpg\" class=\"attachment-thumbnail size-thumbnail\" alt=\"\" decoding=\"async\" loading=\"lazy\" \/><\/a>\n\t\t\t<\/dt><\/dl><br style=\"clear: both\" \/><dl class='gallery-item'>\n\t\t\t<dt class='gallery-icon landscape'>\n\t\t\t\t<a href='https:\/\/lansesoleil.com\/WordPress3\/wp-content\/uploads\/2011\/10\/Hippopotame-profil.jpg'><img width=\"150\" height=\"121\" src=\"https:\/\/lansesoleil.com\/WordPress3\/wp-content\/uploads\/2011\/10\/Hippopotame-profil-e1406371543893-150x121.jpg\" class=\"attachment-thumbnail size-thumbnail\" alt=\"\" decoding=\"async\" loading=\"lazy\" \/><\/a>\n\t\t\t<\/dt><\/dl><dl class='gallery-item'>\n\t\t\t<dt class='gallery-icon landscape'>\n\t\t\t\t<a href='https:\/\/lansesoleil.com\/WordPress3\/wp-content\/uploads\/2017\/12\/IMG_0185-1.jpg'><img width=\"150\" height=\"88\" src=\"https:\/\/lansesoleil.com\/WordPress3\/wp-content\/uploads\/2017\/12\/IMG_0185-1-e1513945997916-150x88.jpg\" class=\"attachment-thumbnail size-thumbnail\" alt=\"\" decoding=\"async\" loading=\"lazy\" aria-describedby=\"gallery-1-1390\" \/><\/a>\n\t\t\t<\/dt>\n\t\t\t\t<dd class='wp-caption-text gallery-caption' id='gallery-1-1390'>\n\t\t\t\tVendus\n\t\t\t\t<\/dd><\/dl><dl class='gallery-item'>\n\t\t\t<dt class='gallery-icon landscape'>\n\t\t\t\t<a href='https:\/\/lansesoleil.com\/WordPress3\/wp-content\/uploads\/2011\/10\/Hippopotame-3-4.jpg'><img width=\"150\" height=\"116\" src=\"https:\/\/lansesoleil.com\/WordPress3\/wp-content\/uploads\/2011\/10\/Hippopotame-3-4-e1406371513455-150x116.jpg\" class=\"attachment-thumbnail size-thumbnail\" alt=\"\" decoding=\"async\" loading=\"lazy\" \/><\/a>\n\t\t\t<\/dt><\/dl><br style=\"clear: both\" \/><dl class='gallery-item'>\n\t\t\t<dt class='gallery-icon portrait'>\n\t\t\t\t<a href='https:\/\/lansesoleil.com\/WordPress3\/wp-content\/uploads\/2011\/10\/P9200136-1.jpg'><img width=\"144\" height=\"150\" src=\"https:\/\/lansesoleil.com\/WordPress3\/wp-content\/uploads\/2011\/10\/P9200136-1-e1442833574650-144x150.jpg\" class=\"attachment-thumbnail size-thumbnail\" alt=\"\" decoding=\"async\" loading=\"lazy\" \/><\/a>\n\t\t\t<\/dt><\/dl><dl class='gallery-item'>\n\t\t\t<dt class='gallery-icon landscape'>\n\t\t\t\t<a href='https:\/\/lansesoleil.com\/WordPress3\/wp-content\/uploads\/2011\/10\/IMG_4953.jpg'><img width=\"150\" height=\"139\" src=\"https:\/\/lansesoleil.com\/WordPress3\/wp-content\/uploads\/2011\/10\/IMG_4953-e1432553700950-150x139.jpg\" class=\"attachment-thumbnail size-thumbnail\" alt=\"\" decoding=\"async\" loading=\"lazy\" \/><\/a>\n\t\t\t<\/dt><\/dl><dl class='gallery-item'>\n\t\t\t<dt class='gallery-icon portrait'>\n\t\t\t\t<a href='https:\/\/lansesoleil.com\/WordPress3\/wp-content\/uploads\/2011\/10\/P9200138-1.jpg'><img width=\"145\" height=\"150\" src=\"https:\/\/lansesoleil.com\/WordPress3\/wp-content\/uploads\/2011\/10\/P9200138-1-e1442833548170-145x150.jpg\" class=\"attachment-thumbnail size-thumbnail\" alt=\"\" decoding=\"async\" loading=\"lazy\" \/><\/a>\n\t\t\t<\/dt><\/dl><br style=\"clear: both\" \/><dl class='gallery-item'>\n\t\t\t<dt class='gallery-icon landscape'>\n\t\t\t\t<a href='https:\/\/lansesoleil.com\/WordPress3\/wp-content\/uploads\/2011\/10\/IMG_4955.jpg'><img width=\"150\" height=\"135\" src=\"https:\/\/lansesoleil.com\/WordPress3\/wp-content\/uploads\/2011\/10\/IMG_4955-e1432553724342-150x135.jpg\" class=\"attachment-thumbnail size-thumbnail\" alt=\"\" decoding=\"async\" loading=\"lazy\" \/><\/a>\n\t\t\t<\/dt><\/dl><dl class='gallery-item'>\n\t\t\t<dt class='gallery-icon landscape'>\n\t\t\t\t<a href='https:\/\/lansesoleil.com\/WordPress3\/wp-content\/uploads\/2011\/10\/P9200142-1.jpg'><img width=\"150\" height=\"133\" src=\"https:\/\/lansesoleil.com\/WordPress3\/wp-content\/uploads\/2011\/10\/P9200142-1-e1442833529381-150x133.jpg\" class=\"attachment-thumbnail size-thumbnail\" alt=\"\" decoding=\"async\" loading=\"lazy\" \/><\/a>\n\t\t\t<\/dt><\/dl><dl class='gallery-item'>\n\t\t\t<dt class='gallery-icon portrait'>\n\t\t\t\t<a href='https:\/\/lansesoleil.com\/WordPress3\/wp-content\/uploads\/2011\/10\/P9200143-1.jpg'><img width=\"129\" height=\"150\" src=\"https:\/\/lansesoleil.com\/WordPress3\/wp-content\/uploads\/2011\/10\/P9200143-1-e1442833507370-129x150.jpg\" class=\"attachment-thumbnail size-thumbnail\" alt=\"\" decoding=\"async\" loading=\"lazy\" \/><\/a>\n\t\t\t<\/dt><\/dl><br style=\"clear: both\" \/><dl class='gallery-item'>\n\t\t\t<dt class='gallery-icon landscape'>\n\t\t\t\t<a href='https:\/\/lansesoleil.com\/WordPress3\/wp-content\/uploads\/2011\/10\/IMG_4311-e1319278233304.jpg'><img width=\"150\" height=\"112\" src=\"https:\/\/lansesoleil.com\/WordPress3\/wp-content\/uploads\/2011\/10\/IMG_4311-e1319278403932-150x112.jpg\" class=\"attachment-thumbnail size-thumbnail\" alt=\"\" decoding=\"async\" loading=\"lazy\" \/><\/a>\n\t\t\t<\/dt><\/dl><dl class='gallery-item'>\n\t\t\t<dt class='gallery-icon landscape'>\n\t\t\t\t<a href='https:\/\/lansesoleil.com\/WordPress3\/wp-content\/uploads\/2011\/10\/IMG_4958.jpg'><img width=\"150\" height=\"109\" src=\"https:\/\/lansesoleil.com\/WordPress3\/wp-content\/uploads\/2011\/10\/IMG_4958-e1432553752645-150x109.jpg\" class=\"attachment-thumbnail size-thumbnail\" alt=\"\" decoding=\"async\" loading=\"lazy\" \/><\/a>\n\t\t\t<\/dt><\/dl><dl class='gallery-item'>\n\t\t\t<dt class='gallery-icon landscape'>\n\t\t\t\t<a href='https:\/\/lansesoleil.com\/WordPress3\/wp-content\/uploads\/2011\/10\/Elephants.jpg'><img width=\"150\" height=\"142\" src=\"https:\/\/lansesoleil.com\/WordPress3\/wp-content\/uploads\/2011\/10\/Elephants-e1419429394210-150x142.jpg\" class=\"attachment-thumbnail size-thumbnail\" alt=\"\" decoding=\"async\" loading=\"lazy\" \/><\/a>\n\t\t\t<\/dt><\/dl><br style=\"clear: both\" \/><dl class='gallery-item'>\n\t\t\t<dt class='gallery-icon landscape'>\n\t\t\t\t<a href='https:\/\/lansesoleil.com\/WordPress3\/wp-content\/uploads\/2011\/10\/IMG_4976.jpg'><img width=\"150\" height=\"90\" src=\"https:\/\/lansesoleil.com\/WordPress3\/wp-content\/uploads\/2011\/10\/IMG_4976-e1432553820103-150x90.jpg\" class=\"attachment-thumbnail size-thumbnail\" alt=\"\" decoding=\"async\" loading=\"lazy\" \/><\/a>\n\t\t\t<\/dt><\/dl><dl class='gallery-item'>\n\t\t\t<dt class='gallery-icon landscape'>\n\t\t\t\t<a href='https:\/\/lansesoleil.com\/WordPress3\/wp-content\/uploads\/2011\/10\/IMG_6422-1.jpg'><img width=\"150\" height=\"97\" src=\"https:\/\/lansesoleil.com\/WordPress3\/wp-content\/uploads\/2011\/10\/IMG_6422-1-e1433626402659-150x97.jpg\" class=\"attachment-thumbnail size-thumbnail\" alt=\"\" decoding=\"async\" loading=\"lazy\" \/><\/a>\n\t\t\t<\/dt><\/dl><dl class='gallery-item'>\n\t\t\t<dt class='gallery-icon landscape'>\n\t\t\t\t<a href='https:\/\/lansesoleil.com\/WordPress3\/wp-content\/uploads\/2011\/10\/IMG_6423-1.jpg'><img width=\"150\" height=\"104\" src=\"https:\/\/lansesoleil.com\/WordPress3\/wp-content\/uploads\/2011\/10\/IMG_6423-1-e1433626422537-150x104.jpg\" class=\"attachment-thumbnail size-thumbnail\" alt=\"\" decoding=\"async\" loading=\"lazy\" \/><\/a>\n\t\t\t<\/dt><\/dl><br style=\"clear: both\" \/>\n\t\t<\/div>\n\n<p><a href=\"https:\/\/lansesoleil.com\/WordPress3\/wp-content\/uploads\/2011\/10\/IMG_4284.jpg\"><br \/>\n<\/a><a href=\"https:\/\/lansesoleil.com\/WordPress3\/wp-content\/uploads\/2011\/10\/IMG_4281.jpg\"><br \/>\n<\/a><a href=\"https:\/\/lansesoleil.com\/WordPress3\/wp-content\/uploads\/2011\/10\/IMG_4282.jpg\"><br \/>\n<\/a><\/p>\n<p><a href=\"https:\/\/lansesoleil.com\/WordPress3\/wp-content\/uploads\/2011\/10\/IMG_4283.jpg\">\u00a0<\/a><\/p>\n","protected":false},"excerpt":{"rendered":"<p>Martine PEUTREC est n\u00e9e en 1965. Elle a suivi les cours de l&rsquo;\u00c9cole d&rsquo;Art de Valence et a \u00e9t\u00e9 en section restauration de peintures \u00e0 Avignon. Martine PEUTREC a travaill\u00e9 dans plusieurs ateliers de restauration d\u2019\u0153uvres d&rsquo;art, notamment sur Nantes. &hellip; <a href=\"https:\/\/lansesoleil.com\/?page_id=210\">Continuer la lecture <span class=\"meta-nav\">&rarr;<\/span><\/a><\/p>\n","protected":false},"author":1,"featured_media":0,"parent":0,"menu_order":0,"comment_status":"closed","ping_status":"open","template":"","meta":[],"_links":{"self":[{"href":"https:\/\/lansesoleil.com\/index.php?rest_route=\/wp\/v2\/pages\/210"}],"collection":[{"href":"https:\/\/lansesoleil.com\/index.php?rest_route=\/wp\/v2\/pages"}],"about":[{"href":"https:\/\/lansesoleil.com\/index.php?rest_route=\/wp\/v2\/types\/page"}],"author":[{"embeddable":true,"href":"https:\/\/lansesoleil.com\/index.php?rest_route=\/wp\/v2\/users\/1"}],"replies":[{"embeddable":true,"href":"https:\/\/lansesoleil.com\/index.php?rest_route=%2Fwp%2Fv2%2Fcomments&post=210"}],"version-history":[{"count":71,"href":"https:\/\/lansesoleil.com\/index.php?rest_route=\/wp\/v2\/pages\/210\/revisions"}],"predecessor-version":[{"id":1732,"href":"https:\/\/lansesoleil.com\/index.php?rest_route=\/wp\/v2\/pages\/210\/revisions\/1732"}],"wp:attachment":[{"href":"https:\/\/lansesoleil.com\/index.php?rest_route=%2Fwp%2Fv2%2Fmedia&parent=210"}],"curies":[{"name":"wp","href":"https:\/\/api.w.org\/{rel}","templated":true}]}}