{"id":2,"date":"2011-09-30T18:18:50","date_gmt":"2011-09-30T18:18:50","guid":{"rendered":"http:\/\/lansesoleil.com\/WordPress3\/\/?page_id=2"},"modified":"2026-04-03T18:26:56","modified_gmt":"2026-04-03T16:26:56","slug":"about","status":"publish","type":"page","link":"https:\/\/lansesoleil.com\/","title":{"rendered":"Accueil"},"content":{"rendered":"\n<p><\/p>\n\n\n\n<p><\/p>\n\n\n\n<p><strong>La Galerie l&rsquo;Anse Soleil est d\u00e9sormais ferm\u00e9e depuis le 29 mars 2026.<\/strong><\/p>\n\n\n<div style=\"text-align: center;\"><img decoding=\"async\" loading=\"lazy\" class=\"aligncenter size-full wp-image-207\" title=\"Tortue\" src=\"https:\/\/lansesoleil.com\/WordPress3\/wp-content\/uploads\/2011\/09\/Tortue.jpg\" alt=\"\" width=\"900\" height=\"393\" srcset=\"https:\/\/lansesoleil.com\/WordPress3\/wp-content\/uploads\/2011\/09\/Tortue.jpg 900w, https:\/\/lansesoleil.com\/WordPress3\/wp-content\/uploads\/2011\/09\/Tortue-300x131.jpg 300w\" sizes=\"(max-width: 900px) 100vw, 900px\" \/><\/div>\n<p style=\"text-align: center;\">Site mis \u00e0 jour le 29\/03\/2026<\/p>\n<p style=\"text-align: justify;\">Bienvenue sur le site de l\u2019Anse Soleil, la vitrine Internet de la galerie qui vous accueille toute l\u2019ann\u00e9e \u00e0 Carnac-Plage, au 61 avenue des Druides. Ce site est aussi disponible en version mobile, c&rsquo;est-\u00e0-dire consultable avec un smartphone. Pour consulter les diff\u00e9rentes pages \u00e0 partir de la page d&rsquo;accueil du site, il suffit d&rsquo;appuyer sur les trois petites barres horizontales situ\u00e9es en haut et \u00e0 gauche de l&rsquo;\u00e9cran du t\u00e9l\u00e9phone.<\/p>\n<p style=\"text-align: justify;\">Le site vous permet de d\u00e9couvrir les \u0153uvres d&rsquo;art de la galerie l&rsquo;Anse Soleil et d&rsquo;obtenir les prix de vente ou toute information compl\u00e9mentaire en faisant une demande dans l\u2019onglet <a title=\"Contacts\" href=\"https:\/\/lansesoleil.com\/?page_id=75\">Contacts<\/a><\/p>\n<p><a href=\"https:\/\/lansesoleil.com\/WordPress3\/wp-content\/uploads\/2025\/03\/Vitrine.jpg\"><img decoding=\"async\" loading=\"lazy\" class=\"aligncenter wp-image-1744 size-large\" src=\"https:\/\/lansesoleil.com\/WordPress3\/wp-content\/uploads\/2025\/03\/Vitrine-1024x769.jpg\" alt=\"\" width=\"640\" height=\"481\" srcset=\"https:\/\/lansesoleil.com\/WordPress3\/wp-content\/uploads\/2025\/03\/Vitrine-1024x769.jpg 1024w, https:\/\/lansesoleil.com\/WordPress3\/wp-content\/uploads\/2025\/03\/Vitrine-300x225.jpg 300w, https:\/\/lansesoleil.com\/WordPress3\/wp-content\/uploads\/2025\/03\/Vitrine-768x577.jpg 768w, https:\/\/lansesoleil.com\/WordPress3\/wp-content\/uploads\/2025\/03\/Vitrine-1536x1153.jpg 1536w, https:\/\/lansesoleil.com\/WordPress3\/wp-content\/uploads\/2025\/03\/Vitrine.jpg 1578w\" sizes=\"(max-width: 640px) 100vw, 640px\" \/><\/a><\/p>\n<ul>\n<li>La galerie l&rsquo;Anse Soleil vous propose une livraison dans un rayon de 40 km et une exp\u00e9dition en colissimo.<\/li>\n<li>L&rsquo;Anse Soleil peut aussi vous accueillir en dehors des horaires d&rsquo;ouverture habituels, sur rendez-vous.Pour toute pr\u00e9cision, veuillez nous joindre en utilisant l\u2019onglet <a title=\"Contacts\" href=\"https:\/\/lansesoleil.com\/?page_id=75\">Contacts<\/a><\/li>\n<\/ul>\n<p style=\"text-align: justify;\"><strong>Droits de reproduction :<\/strong><br \/>En application de la loi du 11 mars 1957 (art. 41) et du code de la propri\u00e9t\u00e9 intellectuelle du 1er juillet 1992 : l&rsquo;ensemble des textes, illustrations, photographies, dessins, animations, vid\u00e9os, sons contenus sur ce site ne peuvent \u00eatre utilis\u00e9s ou reproduits sans l&rsquo;autorisation de l&rsquo;\u00e9diteur. Pour toute demande de reproduction ou d&rsquo;utilisation d&rsquo;\u00e9l\u00e9ments contenus sur ce site, contactez l&rsquo;Anse Soleil.<\/p>","protected":false},"excerpt":{"rendered":"<p>La Galerie l&rsquo;Anse Soleil est d\u00e9sormais ferm\u00e9e depuis le 29 mars 2026. Site mis \u00e0 jour le 29\/03\/2026 Bienvenue sur le site de l\u2019Anse Soleil, la vitrine Internet de la galerie qui vous accueille toute l\u2019ann\u00e9e \u00e0 Carnac-Plage, au 61 &hellip; <a href=\"https:\/\/lansesoleil.com\/\">Continuer la lecture <span class=\"meta-nav\">&rarr;<\/span><\/a><\/p>\n","protected":false},"author":1,"featured_media":0,"parent":0,"menu_order":0,"comment_status":"open","ping_status":"open","template":"","meta":[],"_links":{"self":[{"href":"https:\/\/lansesoleil.com\/index.php?rest_route=\/wp\/v2\/pages\/2"}],"collection":[{"href":"https:\/\/lansesoleil.com\/index.php?rest_route=\/wp\/v2\/pages"}],"about":[{"href":"https:\/\/lansesoleil.com\/index.php?rest_route=\/wp\/v2\/types\/page"}],"author":[{"embeddable":true,"href":"https:\/\/lansesoleil.com\/index.php?rest_route=\/wp\/v2\/users\/1"}],"replies":[{"embeddable":true,"href":"https:\/\/lansesoleil.com\/index.php?rest_route=%2Fwp%2Fv2%2Fcomments&post=2"}],"version-history":[{"count":134,"href":"https:\/\/lansesoleil.com\/index.php?rest_route=\/wp\/v2\/pages\/2\/revisions"}],"predecessor-version":[{"id":1900,"href":"https:\/\/lansesoleil.com\/index.php?rest_route=\/wp\/v2\/pages\/2\/revisions\/1900"}],"wp:attachment":[{"href":"https:\/\/lansesoleil.com\/index.php?rest_route=%2Fwp%2Fv2%2Fmedia&parent=2"}],"curies":[{"name":"wp","href":"https:\/\/api.w.org\/{rel}","templated":true}]}}